{"id":1780,"date":"2024-03-12T19:27:06","date_gmt":"2024-03-12T19:27:06","guid":{"rendered":"https:\/\/congresso.humanidades.uab.pt\/en\/?page_id=1780"},"modified":"2024-03-12T19:27:48","modified_gmt":"2024-03-12T19:27:48","slug":"speakers","status":"publish","type":"page","link":"https:\/\/congresso.humanidades.uab.pt\/en\/past-editions\/1st-conference\/speakers\/","title":{"rendered":"Speakers"},"content":{"rendered":"\n<h2 class=\"wp-block-heading\">Keynote Speakers<\/h2>\n\n\n\n<div style=\"height:25px\" aria-hidden=\"true\" class=\"wp-block-spacer\"><\/div>\n\n\n\n        \n\n    <div class=\"\">\n        <ul class=\"elements row list-unstyled justify-content-center\">\n            \t\t\t\t<li class=\" flex-column col-12 col-lg-6  d-flex align-items-center element py-3\">\n\t\t\t\t\t\t\t\t\t\t\t<div class=\"d-flex flex-column align-items-center text-decoration-none lb\">\n\t\t\t\t\t\t\t\t\t\t\t\t\t\t\t\t\t\t\t\t\t<div class=\"entry-thumbnail-wrapper-bg\"><div class=\"entry-thumbnail-wrapper\"><img decoding=\"async\" src=\"https:\/\/congresso.humanidades.uab.pt\/en\/wp-content\/uploads\/sites\/24\/2023\/02\/Carlos-Reis-e1675338615626.jpg\" width=\"1624\" height=\"1578\" class=\"attachment-news-list-thumbnails-size size-news-list-thumbnails-size block entry-thumbnail img-fluid\" alt=\"\" srcset=\"https:\/\/congresso.humanidades.uab.pt\/en\/wp-content\/uploads\/sites\/24\/2023\/02\/Carlos-Reis-e1675338615626.jpg 1624w, https:\/\/congresso.humanidades.uab.pt\/en\/wp-content\/uploads\/sites\/24\/2023\/02\/Carlos-Reis-e1675338615626-300x292.jpg 300w, https:\/\/congresso.humanidades.uab.pt\/en\/wp-content\/uploads\/sites\/24\/2023\/02\/Carlos-Reis-e1675338615626-1024x995.jpg 1024w, https:\/\/congresso.humanidades.uab.pt\/en\/wp-content\/uploads\/sites\/24\/2023\/02\/Carlos-Reis-e1675338615626-768x746.jpg 768w, https:\/\/congresso.humanidades.uab.pt\/en\/wp-content\/uploads\/sites\/24\/2023\/02\/Carlos-Reis-e1675338615626-1536x1492.jpg 1536w\" sizes=\"auto, (max-width: 1624px) 100vw, 1624px\"  loading=\"lazy\"><\/div><\/div>\n\t\t\t\t\t\t\t\n\t\t\t\t\t\t\t<div class=\"element-info\">\n\t\t\t\t\t\t\t\t<div class=\"title\">Carlos Reis<\/div>\n\n\t\t\t\t\t\t\t\t\t\t\t\t\t\t\t\t\t\t\t\t\t\t\t\t\t<dl class=\"affiliation-wrapper\"><dt class=\"affiliation-label visually-hidden\">Affiliation: <\/dt><dd class=\"affiliation-value\">Universide de Coimbra<\/dd><\/dl>\n\t\t\t\t\t\t\t\t\n\t\t\t\t\t\t\t\t\t\t\t\t\t\t\t\t\t\t\t\t\t\t\t\t\t\t\t\t\t\t\t\t<div class=\"content w-100\">\n<p>CARLOS REIS is a retired full professor at the University of Coimbra, where he received his doctorate in 1983, with a thesis on Portuguese neorealism. The author of more than thirty books (the most recent being Dicion\u00e1rio de Estudos Narrativos, 2018), with several published internationally, in Spain, Italy, Germany, France and Brazil, he has taught as a visiting professor at universities in Spain, the United States and Brazil. Part of his research has been devoted to E\u00e7a de Queir\u00f3s (roughly a dozen books published), and he served as coordinator of the respective Critical Edition (20 volumes; Imprensa Nacional). He also coordinated the Critical History of Portuguese Literature (9 volumes; Editorial Verbo).<\/p>\n\n\n\n<p>At the Faculdade de Letras de Coimbra he taught Portuguese Literature, Theory of Literature, Queirosian Studies and Media Narrative Studies. He was scientific coordinator of the Center for Portuguese Literature (2012-2023), a research unit in which he directs two projects: &#8220;Critical Edition of the Works of E\u00e7a de Queir\u00f3s&#8221; and &#8220;Figures of Fiction&#8221;; under the latter, he launched and directs the Dictionary of Characters of Portuguese Fiction (<a href=\"http:\/\/dp.uc.pt\/\">http:\/\/dp.uc.pt\/<\/a>).<\/p>\n\n\n\n<p>He was director of the National Library (1998-2002), rector of Universidade Aberta (2006-2011), president of the International Association of Lusitanistas (1999-2000) and of the European Association of Distance Teaching Universities (2010-2011). He has been awarded the Jacinto do Prado Coelho (1996), Eduardo Louren\u00e7o (2019) and Verg\u00edlio Ferreira (2020) prizes. He is doctor honoris causa by the Pontifical Catholic University of Rio Grande do Sul, commander of Isabel la Cat\u00f3lica (Spain) and of Sant&#8217;Iago da Espada (Portugal), corresponding member of the Real Academia Espa\u00f1ola and of the Academia das Ci\u00eancias de Lisboa. In 2000 he was commissioner for the Centennial of the Death of E\u00e7a de Queir\u00f3s (Ministry of Culture) and in 2022 he was commissioner for the Centennial of Jos\u00e9 Saramago (Jos\u00e9 Saramago Foundation). He is a member of the cultural council of the E\u00e7a de Queir\u00f3s Foundation.<\/p>\n<\/div>\n\t\t\t\t\t\t\t\t\t\t\t\t\t\t\t<\/div>\n\t\t\t\t\t\t<\/div>\n\t\t\t\t\t\t\t\t\t<\/li>\n            \t\t\t\t<li class=\" flex-column col-12 col-lg-6  d-flex align-items-center element py-3\">\n\t\t\t\t\t\t\t\t\t\t\t<div class=\"d-flex flex-column align-items-center text-decoration-none lb\">\n\t\t\t\t\t\t\t\t\t\t\t\t\t\t\t\t\t\t\t\t\t<div class=\"entry-thumbnail-wrapper-bg\"><div class=\"entry-thumbnail-wrapper\"><img decoding=\"async\" src=\"https:\/\/congresso.humanidades.uab.pt\/en\/wp-content\/uploads\/sites\/24\/2023\/02\/Dario-Villanueva.jpg\" width=\"1000\" height=\"1108\" class=\"attachment-news-list-thumbnails-size size-news-list-thumbnails-size block entry-thumbnail img-fluid\" alt=\"\" srcset=\"https:\/\/congresso.humanidades.uab.pt\/en\/wp-content\/uploads\/sites\/24\/2023\/02\/Dario-Villanueva.jpg 1000w, https:\/\/congresso.humanidades.uab.pt\/en\/wp-content\/uploads\/sites\/24\/2023\/02\/Dario-Villanueva-271x300.jpg 271w, https:\/\/congresso.humanidades.uab.pt\/en\/wp-content\/uploads\/sites\/24\/2023\/02\/Dario-Villanueva-924x1024.jpg 924w, https:\/\/congresso.humanidades.uab.pt\/en\/wp-content\/uploads\/sites\/24\/2023\/02\/Dario-Villanueva-768x851.jpg 768w\" sizes=\"auto, (max-width: 1000px) 100vw, 1000px\"  loading=\"lazy\"><\/div><\/div>\n\t\t\t\t\t\t\t\n\t\t\t\t\t\t\t<div class=\"element-info\">\n\t\t\t\t\t\t\t\t<div class=\"title\">Dar\u00edo Villanueva<\/div>\n\n\t\t\t\t\t\t\t\t\t\t\t\t\t\t\t\t\t\t\t\t\t\t\t\t\t<dl class=\"affiliation-wrapper\"><dt class=\"affiliation-label visually-hidden\">Affiliation: <\/dt><dd class=\"affiliation-value\">Universidade de Santiago de Compostela<\/dd><\/dl>\n\t\t\t\t\t\t\t\t\n\t\t\t\t\t\t\t\t\t\t\t\t\t\t\t\t\t\t\t\t\t\t\t\t\t\t\t\t\t\t\t\t<div class=\"content w-100\">\n<p>Dar\u00edo Villanueva has a degree in Romance Philology from the University of Santiago de Compostela and a PhD in Hispanic Philology from the Autonomous University of Madrid. He is a professor of Theory of Literature and Comparative Literature at the University of Santiago de Compostela, of whose Faculty of Philology he was Director between 1987 and 1990 and Rector of the same University between 1994 and 2002. Since October 2020 he is Emeritus Professor at USC. He is a correspondent of the Argentine Academy of Letters, appointed in 2002; from the National Academy of Letters of Uruguay, appointed in 2015; from the Cuban Academy of Language, appointed in 2016; from the Honduran Academy of Language, appointed in 2018; of the North American Academy of the Spanish Language, appointed in 2018, and of the Equatorial Guinean Academy of the Spanish Language, appointed in 2019. He has been an honorary academic of the Colombian Academy of the Language since 2018. And corresponding academician of the Accademia della Crusca de Florencia, appointed in 2016. In addition, he is an honorary doctor from fourteen universities in Argentina, China, the United States, Peru, the United Kingdom, Sweden, Nicaragua, Ecuador, Spain and Honduras. And honorary professor at two universities in the Dominican Republic and Argentina .<\/p>\n\n\n\n<p>He has been elected RAE <em>acad\u00e9mico numerario<\/em> since July 5, 2007. He entered on June 8, 2008 with the speech entitled &#8220;Don Quixote&#8221; before the cinema. <\/p>\n\n\n\n<p>Director of the RAE institution from January 8, 2015 to January 10, 2019. He was in charge of the RAE secretariat from January 2010 to January 2015.<\/p>\n\n\n\n<p>He was an <em>nato<\/em> member of the Spanish Council of State between 2015 and 2019.<\/p>\n<\/div>\n\t\t\t\t\t\t\t\t\t\t\t\t\t\t\t<\/div>\n\t\t\t\t\t\t<\/div>\n\t\t\t\t\t\t\t\t\t<\/li>\n                    <\/ul>\n    <\/div>\n    <div class=\"clearfix\"><\/div>\n","protected":false},"excerpt":{"rendered":"Keynote Speakers","protected":false},"author":1,"featured_media":1682,"parent":1748,"menu_order":50,"comment_status":"closed","ping_status":"closed","template":"","meta":{"speak2many_translation":"","footnotes":""},"class_list":["post-1780","page","type-page","status-publish","has-post-thumbnail","hentry"],"_links":{"self":[{"href":"https:\/\/congresso.humanidades.uab.pt\/en\/wp-json\/wp\/v2\/pages\/1780","targetHints":{"allow":["GET"]}}],"collection":[{"href":"https:\/\/congresso.humanidades.uab.pt\/en\/wp-json\/wp\/v2\/pages"}],"about":[{"href":"https:\/\/congresso.humanidades.uab.pt\/en\/wp-json\/wp\/v2\/types\/page"}],"author":[{"embeddable":true,"href":"https:\/\/congresso.humanidades.uab.pt\/en\/wp-json\/wp\/v2\/users\/1"}],"replies":[{"embeddable":true,"href":"https:\/\/congresso.humanidades.uab.pt\/en\/wp-json\/wp\/v2\/comments?post=1780"}],"version-history":[{"count":3,"href":"https:\/\/congresso.humanidades.uab.pt\/en\/wp-json\/wp\/v2\/pages\/1780\/revisions"}],"predecessor-version":[{"id":1784,"href":"https:\/\/congresso.humanidades.uab.pt\/en\/wp-json\/wp\/v2\/pages\/1780\/revisions\/1784"}],"up":[{"embeddable":true,"href":"https:\/\/congresso.humanidades.uab.pt\/en\/wp-json\/wp\/v2\/pages\/1748"}],"wp:featuredmedia":[{"embeddable":true,"href":"https:\/\/congresso.humanidades.uab.pt\/en\/wp-json\/wp\/v2\/media\/1682"}],"wp:attachment":[{"href":"https:\/\/congresso.humanidades.uab.pt\/en\/wp-json\/wp\/v2\/media?parent=1780"}],"curies":[{"name":"wp","href":"https:\/\/api.w.org\/{rel}","templated":true}]}}