{"id":1769,"date":"2024-03-12T19:23:39","date_gmt":"2024-03-12T19:23:39","guid":{"rendered":"https:\/\/congresso.humanidades.uab.pt\/en\/?page_id=1769"},"modified":"2024-03-12T19:23:39","modified_gmt":"2024-03-12T19:23:39","slug":"programme","status":"publish","type":"page","link":"https:\/\/congresso.humanidades.uab.pt\/en\/past-editions\/1st-conference\/programme\/","title":{"rendered":"Programme"},"content":{"rendered":"\n<p>You can download the <a href=\"https:\/\/congresso.humanidades.uab.pt\/en\/wp-content\/uploads\/sites\/24\/2023\/06\/1o-CIH-UAb-PROGRAMA.pdf\" target=\"_blank\" rel=\"noreferrer noopener\"><strong>Programme <\/strong>here<\/a> and <a href=\"https:\/\/congresso.humanidades.uab.pt\/en\/wp-content\/uploads\/sites\/24\/2023\/06\/1o-CIH-LIVRO-DE-RESUMOS.pdf\" target=\"_blank\" rel=\"noreferrer noopener\"><strong>Abstract <\/strong>here<\/a><strong>.<\/strong><\/p>\n\n\n\n<h2 class=\"wp-block-heading\">June 6th<\/h2>\n\n\n\n<div class=\"wp-block-c3-framew-gutenbergblocks-timeline schedule\"><div class=\"gbt-timeline-title-wrapper\"><div class=\"gbt-timeline-title tt-title\"><\/div><\/div><ul class=\"gbt-timeline-content-wrapper\">\n<li style=\"--timeline-color:#06c2c4\"><div class=\"gbt-timeline-event-title-wrapper\"><div class=\"gbt-timeline-event-title time-title\"><strong>9:00 &#8211; 10:00 <\/strong>| <strong>Registration<\/strong><br><\/div><\/div><div class=\"gbt-timeline-event-content-wrapper\">\n<p><\/p>\n<\/div><\/li>\n\n\n\n<li><div class=\"gbt-timeline-event-title-wrapper\"><div class=\"gbt-timeline-event-title time-title\"><strong style=\"font-weight: bold;\">1<\/strong><strong>0:00<strong> | <\/strong>OPENING SESSION<\/strong><br><strong>Jos\u00e9 das Candeias Sales<\/strong>&nbsp;(Vice-Rector for Teaching, Training and Academic Organization at UAb)<br><strong>Alexandre In\u00e1cio<\/strong>&nbsp;(Humanities Nucleus | Students)<br><strong>Dion\u00edsio Vila Maior<\/strong>&nbsp;(Director of the Humanities Department at UAb)<\/div><\/div><div class=\"gbt-timeline-event-content-wrapper\">\n<p><\/p>\n<\/div><\/li>\n\n\n\n<li><div class=\"gbt-timeline-event-title-wrapper\"><div class=\"gbt-timeline-event-title time-title\"><strong>10:15 | Opening Address (SAL\u00c3O NOBRE)<\/strong><br><strong>CARLOS REIS <\/strong>(Universidade de Coimbra)<br><em>Conhecimento narrativo e \u00e9tica das Humanidades<\/em><br><br><\/div><\/div><div class=\"gbt-timeline-event-content-wrapper\">\n<p>Chair:&nbsp;Dion\u00edsio Vila Maior<\/p>\n<\/div><\/li>\n\n\n\n<li style=\"--timeline-color:#fcb900\"><div class=\"gbt-timeline-event-title-wrapper\"><div class=\"gbt-timeline-event-title time-title\"><strong><strong>11:00 |&nbsp;Coffee break<\/strong><\/strong><\/div><\/div><div class=\"gbt-timeline-event-content-wrapper\">\n<p><\/p>\n<\/div><\/li>\n\n\n\n<li style=\"--timeline-color:#cf2e2e\"><div class=\"gbt-timeline-event-title-wrapper\"><div class=\"gbt-timeline-event-title time-title\"><strong>11:30 &#8211; 12:15<\/strong> | <strong>Table 1<\/strong> | <strong>Sal\u00e3o Nobre&nbsp;<\/strong><br><strong>CHAIR<strong>:&nbsp;Lu\u00eds Carlos Pimenta Gon\u00e7alves<\/strong><\/strong><br><br><strong>Cristiana Vasconcelos Rodrigues<\/strong><br>Universidade Aberta | Centro de Estudos Comparatistas<br><em>Do humano e do animal em Llansol \u2014 alguns apontamentos<\/em><br><br><strong>Fab\u00edola Mourth\u00e9<\/strong><br>CEFFET MG<br><em>Revalorizar o humanismo com Raul Bopp<\/em><\/div><\/div><div class=\"gbt-timeline-event-content-wrapper\">\n<p><\/p>\n<\/div><\/li>\n\n\n\n<li style=\"--timeline-color:#cf2e2e\"><div class=\"gbt-timeline-event-title-wrapper\"><div class=\"gbt-timeline-event-title time-title\"><strong>11:30 &#8211; 12:15 | Table 2 | Audit\u00f3rio III&nbsp;<\/strong><br><strong>CHAIR<strong>:&nbsp;Ros\u00e1rio Lupi Bello<\/strong><\/strong><br><br><strong>Jo\u00e3o Vaz<\/strong><br>CEG-Universidade Aberta<br><em>A eros\u00e3o do sil\u00eancio na contemporaneidade<\/em><br><br><strong>Nuno Castro<\/strong><br>Universidade Aberta<br><em>No fim da fic\u00e7\u00e3o: a crise das Humanidades como esvaziamento da virtualidade<\/em><\/div><\/div><div class=\"gbt-timeline-event-content-wrapper\">\n<p><\/p>\n<\/div><\/li>\n\n\n\n<li style=\"--timeline-color:#cf2e2e\"><div class=\"gbt-timeline-event-title-wrapper\"><div class=\"gbt-timeline-event-title time-title\"><strong>12:15 &#8211; 13:00 | Table 3 | Sal\u00e3o Nobre<\/strong><br><strong>CHAIR<strong>:&nbsp;<\/strong>Gerald B\u00e4r<\/strong><br><br><strong>Antonio Chenoll<\/strong><br>Universidade Aberta<br><em>El futuro del docente de lenguas y la inteligencia artificial. Entre el desaf\u00edo y la oportunidad hacia la nueva era de docencia.<\/em><br><br><strong>Maria Potes Barbas, Eva Fernandes e Nuno Castro<\/strong><br>Instituto Polit\u00e9cnico de Santar\u00e9m e Universidade Aberta<br><em>Desafios e limita\u00e7\u00f5es da integra\u00e7\u00e3o do ChatGPT no Ensino Superior: contexto|itera\u00e7\u00f5es|roleplay<\/em><\/div><\/div><div class=\"gbt-timeline-event-content-wrapper\">\n<p><\/p>\n<\/div><\/li>\n\n\n\n<li style=\"--timeline-color:#cf2e2e\"><div class=\"gbt-timeline-event-title-wrapper\"><div class=\"gbt-timeline-event-title time-title\"><strong>12:15 &#8211; 13:00 | Table 4 | Audit\u00f3rio III&nbsp;<\/strong><br><strong>CHAIR<strong>:&nbsp;Isabel Barros Dias<\/strong><\/strong><br><br><strong>Ana Sofia Laranjinha<\/strong><br>Universidade Aberta<br><em>Novos e velhos caminhos num romance do S\u00e9culo XII: Perceval e Gauvain no &#8220;Conto do Graal&#8221;, de Chr\u00e9tien de Troyes&nbsp;<\/em><br><br><strong>Helena S. Moniz<\/strong><br>Universidade Aberta<br><em>O Cavalo Pardalo<\/em><\/div><\/div><div class=\"gbt-timeline-event-content-wrapper\">\n<p><\/p>\n<\/div><\/li>\n\n\n\n<li style=\"--timeline-color:#fcb900\"><div class=\"gbt-timeline-event-title-wrapper\"><div class=\"gbt-timeline-event-title time-title\"><strong><strong>13:00-14:30 | <strong>LUNCH BREAK<\/strong><\/strong><\/strong><\/div><\/div><div class=\"gbt-timeline-event-content-wrapper\">\n<p><\/p>\n<\/div><\/li>\n\n\n\n<li style=\"--timeline-color:#cf2e2e\"><div class=\"gbt-timeline-event-title-wrapper\"><div class=\"gbt-timeline-event-title time-title\"><strong>14:30 &#8211; 15:30 | Table 5 | Sal\u00e3o Nobre<\/strong><br><strong><strong>C<\/strong>HAIR<strong>:&nbsp;Isabel Roboredo Seara<\/strong><\/strong><br><br><strong>Adelina Castelo<\/strong><br>Universidade Aberta<br><em>As Humanidades e a tecnologia podem ajudar os migrantes a melhorar a pron\u00fancia\u2026 e a integra\u00e7\u00e3o em Portugal.<\/em><br><br><strong>Maria Helena Saianda<\/strong><br>CEL-Universidade de \u00c9vora<br><em>O Perfume das palavras\u2026 Am\u00e1lia\u2026<\/em><br><br><strong>Paulino Fumo<\/strong><br>Universidade Pedag\u00f3gica de Maputo<br><em>Manifesta\u00e7\u00f5es lingu\u00edsticas e culturais do substrato bantu em Paulina Chiziane: desafios e oportunidades<\/em><\/div><\/div><div class=\"gbt-timeline-event-content-wrapper\">\n<p><\/p>\n<\/div><\/li>\n\n\n\n<li style=\"--timeline-color:#cf2e2e\"><div class=\"gbt-timeline-event-title-wrapper\"><div class=\"gbt-timeline-event-title time-title\"><strong>14:30 &#8211; 15:30 | Table 6 | Audit\u00f3rio III<\/strong><br><strong><strong><strong><strong>C<\/strong><\/strong><\/strong>HAIR<strong><strong><strong>:&nbsp;Isabel Fal\u00e9<\/strong><\/strong><\/strong><\/strong><br><br><strong>Carla Aur\u00e9lia de Almeida<\/strong><br>Universidade Aberta<br><em>Humor e mitiga\u00e7\u00e3o em conversas na r\u00e1dio em Portugu\u00eas Europeu<\/em><br><br><strong>Miguel Moiteiro Marques e Paulo Nunes da Silva<\/strong><br>Universidade Aberta<br><em>Comunicar conhecimento cient\u00edfico em disserta\u00e7\u00f5es de mestrado: diferen\u00e7as e semelhan\u00e7as entre \u00e1reas disciplinares distintas<\/em><br><br><strong>Ricardo Cruz<\/strong><br>Universidade Aberta<br><em>O ChatGPT e pr\u00e1ticas did\u00e1ticas de escrita \u2013 oportunidade ou amea\u00e7a?<\/em><\/div><\/div><div class=\"gbt-timeline-event-content-wrapper\">\n<p><\/p>\n<\/div><\/li>\n\n\n\n<li style=\"--timeline-color:#cf2e2e\"><div class=\"gbt-timeline-event-title-wrapper\"><div class=\"gbt-timeline-event-title time-title\"><strong>15:30 &#8211; 16:30 | Table 7 | Sal\u00e3o Nobre<\/strong><br><strong>CHAIR<strong><strong><strong><strong><strong>:&nbsp;Maria do C\u00e9u Marques<\/strong><\/strong><\/strong><\/strong><\/strong><\/strong><br><br><strong>Isabelle Sim\u00f5es Marques<\/strong><br>Universidade Aberta e CLUNL- NOVA<br><em>Mariana, Maina, Maria: polifonia e epistolaridade em &#8220;Novas Cartas Portuguesas&#8221;<\/em><br><br><strong>Ana Fernandes<\/strong><br>CLEPUL &#8211; Faculdade de Letras da Universidade de Lisboa<br><em>A educa\u00e7\u00e3o negativa na constru\u00e7\u00e3o da mulher em Jean-Jacques Rousseau<\/em><br><br><strong>Filipe Alves<\/strong> e <strong>Paula Almeida Mendes<\/strong><br>IF-FLUP\/UAb, CITCEM \u2013 FLUP<br><em>O lugar das Humanidades no contexto da educa\u00e7\u00e3o feminina em Portugal (s\u00e9culos XV-XVII)<\/em><\/div><\/div><div class=\"gbt-timeline-event-content-wrapper\">\n<p><\/p>\n<\/div><\/li>\n\n\n\n<li style=\"--timeline-color:#cf2e2e\"><div class=\"gbt-timeline-event-title-wrapper\"><div class=\"gbt-timeline-event-title time-title\"><strong>15:30 &#8211; 16:30 | Table 8 | Audit\u00f3rio III<\/strong><br><strong>CHAIR<strong><strong><strong><strong><strong><strong>:&nbsp;M\u00e1rio Filipe da Silva<\/strong><\/strong><\/strong><\/strong><\/strong><\/strong><\/strong><br><br><strong>Ana Rita Figueira<\/strong><br>Faculdade de Letras, Universidade de Lisboa<br><em>Sempre \u00e0 Espreita dos Raios do Sol. Tecnologia e humanidades segundo Homero e os vasos gregos&nbsp;<\/em><br><br><strong>Claudineia Varotti<\/strong><br>Instituto de Estudos Medievais<br><em>A influ\u00eancia da Igreja Cat\u00f3lica Apost\u00f3lica Romana na contemporaneidade eslovaca<\/em><br><br><strong>Sara Raquel Ferreira Costa<\/strong><br>Universidade Aberta<br><em>Tend\u00eancias te\u00f3ricas no estudo da Literatura Chinesa<\/em><\/div><\/div><div class=\"gbt-timeline-event-content-wrapper\">\n<p><\/p>\n<\/div><\/li>\n\n\n\n<li style=\"--timeline-color:#cf2e2e\"><div class=\"gbt-timeline-event-title-wrapper\"><div class=\"gbt-timeline-event-title time-title\"><strong>16:30 &#8211; 18:00 | Round Table |&nbsp;<em>D<\/em><\/strong><em><strong>igital Humanities<\/strong><\/em><strong> | Sal\u00e3o Nobre<\/strong><br><strong><strong><strong><strong><strong><strong><strong><strong>C<\/strong><\/strong><\/strong><\/strong><\/strong><\/strong><\/strong>HAIR<strong><strong><strong><strong><strong><strong><strong>:&nbsp;Hanna Bator\u00e9o<\/strong><\/strong><\/strong><\/strong><\/strong><\/strong><\/strong><\/strong><br><br><strong>Paulo Os\u00f3rio<\/strong><br>Universidade da Beira Interior<br><em>Digitalizando a diacronia lingu\u00edstica<\/em><br><br><strong>Isabel Barros Dias<\/strong><br>Universidade Aberta<br><em>O manuscrito medieval como um artefacto multimedia<\/em><br><br><strong>Isabel Roboredo Seara<\/strong><br>Universidade Aberta e CLUNL &#8211; NOVA<br><em>Os g\u00e9neros discursivos autobiogr\u00e1ficos: cartografia na era digital<\/em><\/div><\/div><div class=\"gbt-timeline-event-content-wrapper\">\n<p><\/p>\n<\/div><\/li>\n\n\n\n<li style=\"--timeline-color:#fcb900\"><div class=\"gbt-timeline-event-title-wrapper\"><div class=\"gbt-timeline-event-title time-title\"><strong>18:00 |&nbsp;<strong>Coffee and Snack<\/strong><\/strong><\/div><\/div><div class=\"gbt-timeline-event-content-wrapper\">\n<p><\/p>\n<\/div><\/li>\n<\/ul><\/div>\n\n\n\n<div class=\"wp-block-c3-framew-gutenbergblocks-timeline schedule\" style=\"--timeline-color:#cf2e2e\"><div class=\"gbt-timeline-title-wrapper\"><div class=\"gbt-timeline-title tt-title\"><\/div><\/div><ul class=\"gbt-timeline-content-wrapper\"><\/ul><\/div>\n\n\n\n\n\n<hr class=\"wp-block-separator has-alpha-channel-opacity is-style-wide\"\/>\n\n\n\n<h2 class=\"wp-block-heading\">June 7th<\/h2>\n\n\n\n<div class=\"wp-block-c3-framew-gutenbergblocks-timeline schedule\" style=\"--timeline-color:#fcb900\"><div class=\"gbt-timeline-title-wrapper\"><div class=\"gbt-timeline-title tt-title\"><\/div><\/div><ul class=\"gbt-timeline-content-wrapper\">\n<li style=\"--timeline-color:#ff6900\"><div class=\"gbt-timeline-event-title-wrapper\"><div class=\"gbt-timeline-event-title time-title\"><strong>9:30 &#8211; 10:30 | Table 9 | Sal\u00e3o Nobre<\/strong><br><strong><strong><strong><strong><strong><strong><strong><strong><strong>C<\/strong><\/strong><\/strong><\/strong><\/strong><\/strong><\/strong><\/strong>HAIR<strong><strong><strong><strong><strong><strong><strong><strong>:&nbsp;Ros\u00e1rio Lupi Bello<\/strong><\/strong><\/strong><\/strong><\/strong><\/strong><\/strong><\/strong><\/strong><br><br><strong>Maria de Jesus C<\/strong>. <strong>Relvas<\/strong><br>Universidade Aberta; CEAUL\/ULICES; LE@D; CETAPS<br><em>Metamorphoses in Sir Philip Sidney\u2019s &#8220;The Old Arcadia&#8221; (ca. 1590)<\/em><br><br><strong>Susana Oliveira<\/strong><br>Universidade Aberta<br><em>The Anglo-Portuguese Alliance:&nbsp;&nbsp;Portuguese Diplomacy in the Elizabethan Court<\/em><br><br><strong>Jeffrey Childs<\/strong><br>Universidade Aberta, CEG-Universidade Aberta, Centro de Estudos Comparatistas<br><em>Emerson in an Age of AI: A Reading of \u201cThe American Scholar&#8221;<\/em><\/div><\/div><div class=\"gbt-timeline-event-content-wrapper\">\n<p><\/p>\n<\/div><\/li>\n\n\n\n<li style=\"--timeline-color:#ff6900\"><div class=\"gbt-timeline-event-title-wrapper\"><div class=\"gbt-timeline-event-title time-title\"><strong>9:30 &#8211; 10:30 | Table 10 | Audit\u00f3rio III<\/strong><br><strong><strong><strong><strong><strong><strong><strong><strong><strong><strong>C<\/strong><\/strong><\/strong><\/strong><\/strong><\/strong><\/strong><\/strong><\/strong>HAIR<strong><strong><strong><strong><strong><strong><strong><strong><strong>:&nbsp;Paulo Nunes da Silva<\/strong><\/strong><\/strong><\/strong><\/strong><\/strong><\/strong><\/strong><\/strong><\/strong><br><br><strong>T\u00e2nia Ferreira&nbsp;e Concei\u00e7\u00e3o Carapinha<\/strong><br>Universidade de Coimbra<br><em>Metodologias de recolha de dados orais e (poss\u00edveis) efeitos no desempenho lingu\u00edstico de aprendentes de Portugu\u00eas L\u00edngua N\u00e3o Materna<\/em><br><br><strong>Deolinda de Jesus Freire<\/strong><br>Universidade Federal do Tri\u00e2ngulo Mineiro (UFTM) e Universidade Federal de S\u00e3o Carlos (UFSCAR)<br><em>Tradu\u00e7\u00e3o e cr\u00edtica na vers\u00e3o do castelhano para o portugu\u00eas da &#8220;Brev\u00edsima relaci\u00f3n de la Destruici\u00f3n de las Indias&#8221;, de Frei Bartolom\u00e9 de las Casas<\/em><br><br><strong>Jo\u00e3o Brogueira<\/strong><br>Universidade Cat\u00f3lica Portuguesa<br><em>A tradu\u00e7\u00e3o autom\u00e1tica na did\u00e1tica da tradu\u00e7\u00e3o: desafios e oportunidades<\/em><\/div><\/div><div class=\"gbt-timeline-event-content-wrapper\">\n<p><\/p>\n<\/div><\/li>\n\n\n\n<li style=\"--timeline-color:#fcb900\"><div class=\"gbt-timeline-event-title-wrapper\"><div class=\"gbt-timeline-event-title time-title\"><strong>10:30 Coffee Break<\/strong><\/div><\/div><div class=\"gbt-timeline-event-content-wrapper\"><\/div><\/li>\n\n\n\n<li style=\"--timeline-color:#ff6900\"><div class=\"gbt-timeline-event-title-wrapper\"><div class=\"gbt-timeline-event-title time-title\"><strong>11:00 &#8211; 12:00 | Table 11 | Sal\u00e3o Nobre<\/strong><br><strong><strong><strong><strong><strong><strong><strong><strong><strong><strong><strong>C<\/strong><\/strong><\/strong><\/strong><\/strong><\/strong><\/strong><\/strong><\/strong><\/strong>HAIR<strong><strong><strong><strong><strong><strong><strong><strong><strong><strong>:&nbsp;Ana Isabel Vasconcelos<\/strong><\/strong><\/strong><\/strong><\/strong><\/strong><\/strong><\/strong><\/strong><\/strong><\/strong><br><br><strong>Tiago Ivo Cruz<\/strong><br>FLUL &#8211; Centro de Estudos de Teatro \/ MNTD<br><em>Paisagem, Romantismo e Fascismo<\/em><br><br><strong>La Salette Loureiro<\/strong><br>CHAM, FCSH, Universidade Nova de Lisboa<br><em>\u00abNoites de Primavera no Boulevard\u00bb: de Baudelaire a Fradique Mendes<\/em><br><br><strong>Maria do Carmo Mendes<\/strong><br>Universidade do Minho<br><em>Paisagem e Negritude: Leituras comparadas<\/em><\/div><\/div><div class=\"gbt-timeline-event-content-wrapper\">\n<p><\/p>\n<\/div><\/li>\n\n\n\n<li style=\"--timeline-color:#ff6900\"><div class=\"gbt-timeline-event-title-wrapper\"><div class=\"gbt-timeline-event-title time-title\"><strong>11:00 &#8211; 12:00 | Table 12 | Audit\u00f3rio III<br><strong><strong>C<\/strong><\/strong>HAIR<strong><strong>:&nbsp;Ana Novo<\/strong><\/strong><br><br>Alexandra Lavaredas<\/strong><br>Universidade Aberta<br><em>Identidade, Alteridade e Imagem Percecionada de Portugal no filme &#8220;A Gaiola Dourada&#8221;<\/em><br><br><strong>Eldeize Tavares e  Sofia Gaio<\/strong><br>Universidade Fernando Pessoa e Universidade Aberta<br><em>As estrat\u00e9gias de relacionamento entre Rela\u00e7\u00f5es<\/em> <em>P\u00fablicas e jornalistas: <\/em>a<em> perspectiva dos assessores de imprensa portugueses<\/em><br><br><strong>Mario Cerezo-Pizarro,&nbsp;Lina Morgado,&nbsp;Francisco Ignacio Revuelta-Dom\u00ednguez&nbsp;e&nbsp;Jorge Guerra Antequera<\/strong><br>Universidad de Extremadura e Universidade Aberta<br><em>El impacto de los videojuegos en la transmisi\u00f3n de la cultura y humanidades digitales<\/em><\/div><\/div><div class=\"gbt-timeline-event-content-wrapper\">\n<p><\/p>\n<\/div><\/li>\n\n\n\n<li style=\"--timeline-color:#ff6900\"><div class=\"gbt-timeline-event-title-wrapper\"><div class=\"gbt-timeline-event-title time-title\"><strong>12<\/strong>:<strong>00 &#8211; 13<\/strong>:<strong>00 | Table 13 | Sal\u00e3o Nobre<br>CHAIR<strong><strong><strong><strong><strong><strong><strong><strong><strong><strong><strong>:&nbsp;Rosa Sequeira<\/strong><\/strong><\/strong><\/strong><\/strong><\/strong><\/strong><\/strong><\/strong><\/strong><\/strong><\/strong><br><br><strong>Margarida Martins<\/strong><br>Universidade Aberta<br><em>\u201cQuando a morte chegar, eu j\u00e1 c\u00e1 n\u00e3o estarei\u201d. O artista e a sua morte&nbsp;<\/em><br><br><strong>Chantal Louchet<\/strong><br>Universidade Cat\u00f3lica Portuguesa<br><em>Representa\u00e7\u00e3o de D. Juan de Moli\u00e8re em Portugal: entre heran\u00e7a e desafios<\/em><br><br><strong>Larysa Shotropa<\/strong><br>CETAPS e FCSH-UNL<br><em>Fiodor Dostoevski: reflex\u00e3o sobre o enigma da exist\u00eancia humana&nbsp;&nbsp;(com base na an\u00e1lise da novela &#8220;Notas do Subsolo&#8221;)<\/em><\/div><\/div><div class=\"gbt-timeline-event-content-wrapper\">\n<p><\/p>\n<\/div><\/li>\n\n\n\n<li style=\"--timeline-color:#ff6900\"><div class=\"gbt-timeline-event-title-wrapper\"><div class=\"gbt-timeline-event-title time-title\"><strong>12<\/strong>:<strong>00 &#8211; 13<\/strong>:<strong>00 | Table 14<strong> | Audit\u00f3rio II<\/strong>I<strong><br>CHAIR: Steffen Dix<\/strong><\/strong><br><br><strong>Gianfranco Ferraro<\/strong><br>CEG-Universidade Aberta<br><em>A convers\u00e3o ut\u00f3pica: figuras e imagens de uma tradi\u00e7\u00e3o espiritual<\/em><br><br><strong>Diana Marques<\/strong><br>Centro de Estudos Angl\u00edsticos da Universidade de Lisboa<br><em>Da Fantasia \u00e0 Idade M\u00e9dia<\/em><br><br><strong>Ana Isabel Correia Martins<\/strong><br>Universidade de Coimbra<br>&#8220;<em>Di\u00e1rio da Peste&#8221;: da transum\u00e2ncia ao trans-humanismo<\/em><\/div><\/div><div class=\"gbt-timeline-event-content-wrapper\">\n<p><\/p>\n<\/div><\/li>\n<\/ul><\/div>\n\n\n\n<div class=\"wp-block-c3-framew-gutenbergblocks-timeline schedule\"><div class=\"gbt-timeline-title-wrapper\"><div class=\"gbt-timeline-title tt-title\"><\/div><\/div><ul class=\"gbt-timeline-content-wrapper\"><\/ul><\/div>\n\n\n\n<div class=\"wp-block-c3-framew-gutenbergblocks-timeline schedule\"><div class=\"gbt-timeline-title-wrapper\"><div class=\"gbt-timeline-title tt-title\"><\/div><\/div><ul class=\"gbt-timeline-content-wrapper\">\n<li style=\"--timeline-color:#fcb900\"><div class=\"gbt-timeline-event-title-wrapper\"><div class=\"gbt-timeline-event-title time-title\"><strong>13:00-14:30 | <strong>LUNCH BREAK<\/strong><\/strong><\/div><\/div><div class=\"gbt-timeline-event-content-wrapper\">\n<p><\/p>\n<\/div><\/li>\n<\/ul><\/div>\n\n\n\n<div class=\"wp-block-c3-framew-gutenbergblocks-timeline schedule\"><div class=\"gbt-timeline-title-wrapper\"><div class=\"gbt-timeline-title tt-title\"><\/div><\/div><ul class=\"gbt-timeline-content-wrapper\">\n<li style=\"--timeline-color:#ff6900\"><div class=\"gbt-timeline-event-title-wrapper\"><div class=\"gbt-timeline-event-title time-title\"><strong>14<\/strong>:<strong>30 &#8211; 16:15 | Table 15 | Sal\u00e3o Nobre<br><strong><strong>C<\/strong><\/strong>HAIR<strong><strong>:&nbsp;Cristiana Vasconcelos Rodrigues<\/strong><\/strong> <\/strong><br><strong><br>M\u00f3nica Junguito e Antonio Chenoll<\/strong><br>Universidade Cat\u00f3lica Portuguesa\/Universidade Aberta<br><em>La utilizaci\u00f3n de las Inteligencias Artificiales Generativas por alumnos universitarios: un estudio de caso<\/em><br><br><strong>Maria do C\u00e9u Estibeira<\/strong><br>FCSH &#8211; Universidade Nova de Lisboa<br><em>\u201cUm Fernando Pessoa\u201d Digital: a import\u00e2ncia dos acervos e esp\u00f3lios digitais nos estudos liter\u00e1rios<\/em><br><br><strong>Margarida Santos Alpalh\u00e3o<\/strong><br>Universidade Aberta<br><em>Ensino da Literatura. Pr\u00e1tica e Proveito<\/em><br><br><strong>Dion\u00edsio Vila Maior<\/strong><br>Universidade Aberta \/ CLEPUL<br><em>Humanidade(s) e o &#8216;aperfei\u00e7oamento subjetivo da vida&#8217;<\/em><\/div><\/div><div class=\"gbt-timeline-event-content-wrapper\">\n<p><\/p>\n<\/div><\/li>\n<\/ul><\/div>\n\n\n\n<div class=\"wp-block-c3-framew-gutenbergblocks-timeline schedule\"><div class=\"gbt-timeline-title-wrapper\"><div class=\"gbt-timeline-title tt-title\"><\/div><\/div><ul class=\"gbt-timeline-content-wrapper\">\n<li style=\"--timeline-color:#fcb900\"><div class=\"gbt-timeline-event-title-wrapper\"><div class=\"gbt-timeline-event-title time-title\"><strong><strong>16:15-16:45 | Coffee Break<\/strong><\/strong><\/div><\/div><div class=\"gbt-timeline-event-content-wrapper\">\n<p><\/p>\n<\/div><\/li>\n\n\n\n<li><div class=\"gbt-timeline-event-title-wrapper\"><div class=\"gbt-timeline-event-title time-title\"><strong style=\"font-weight: bold;\">16:45 | <\/strong><strong>Closing Address<strong> (SAL\u00c3O NOBRE)<\/strong><br><\/strong><br><strong>DAR\u00cdO VILLANUEVA &nbsp;<\/strong>(Universidade Santiago de Compostela)<strong><br><\/strong><em>Las Humanidades en la Posmodernidad poshumanista<\/em><strong><br><\/strong><br>Chair:&nbsp;Antonio Chenoll<\/div><\/div><div class=\"gbt-timeline-event-content-wrapper\">\n<p><\/p>\n<\/div><\/li>\n\n\n\n<li style=\"--timeline-color:#00d084\"><div class=\"gbt-timeline-event-title-wrapper\"><div class=\"gbt-timeline-event-title time-title\"><strong><strong><strong>17<\/strong><\/strong><\/strong>:<strong><strong><strong>30 | <\/strong><\/strong>CLOSING SESSION<strong><br><\/strong><\/strong><br><strong><strong><strong>Sandra Caeiro<\/strong>&nbsp;<\/strong><\/strong> (Dean of Research and Scientific Dissemination at UAb)<strong><strong><br><\/strong>Organizing Committee of the 1st International Conference of the Humanities UAb<\/strong><\/div><\/div><div class=\"gbt-timeline-event-content-wrapper\">\n<p><\/p>\n<\/div><\/li>\n<\/ul><\/div>\n\n\n\n<p><\/p>\n\n\n\n<p><\/p>\n","protected":false},"excerpt":{"rendered":"You can download the Programme here and Abstract here. June 6th June 7th","protected":false},"author":1,"featured_media":1682,"parent":1748,"menu_order":40,"comment_status":"closed","ping_status":"closed","template":"","meta":{"speak2many_translation":"","footnotes":""},"class_list":["post-1769","page","type-page","status-publish","has-post-thumbnail","hentry"],"_links":{"self":[{"href":"https:\/\/congresso.humanidades.uab.pt\/en\/wp-json\/wp\/v2\/pages\/1769","targetHints":{"allow":["GET"]}}],"collection":[{"href":"https:\/\/congresso.humanidades.uab.pt\/en\/wp-json\/wp\/v2\/pages"}],"about":[{"href":"https:\/\/congresso.humanidades.uab.pt\/en\/wp-json\/wp\/v2\/types\/page"}],"author":[{"embeddable":true,"href":"https:\/\/congresso.humanidades.uab.pt\/en\/wp-json\/wp\/v2\/users\/1"}],"replies":[{"embeddable":true,"href":"https:\/\/congresso.humanidades.uab.pt\/en\/wp-json\/wp\/v2\/comments?post=1769"}],"version-history":[{"count":1,"href":"https:\/\/congresso.humanidades.uab.pt\/en\/wp-json\/wp\/v2\/pages\/1769\/revisions"}],"predecessor-version":[{"id":1770,"href":"https:\/\/congresso.humanidades.uab.pt\/en\/wp-json\/wp\/v2\/pages\/1769\/revisions\/1770"}],"up":[{"embeddable":true,"href":"https:\/\/congresso.humanidades.uab.pt\/en\/wp-json\/wp\/v2\/pages\/1748"}],"wp:featuredmedia":[{"embeddable":true,"href":"https:\/\/congresso.humanidades.uab.pt\/en\/wp-json\/wp\/v2\/media\/1682"}],"wp:attachment":[{"href":"https:\/\/congresso.humanidades.uab.pt\/en\/wp-json\/wp\/v2\/media?parent=1769"}],"curies":[{"name":"wp","href":"https:\/\/api.w.org\/{rel}","templated":true}]}}