{"id":152,"date":"2022-10-20T10:46:46","date_gmt":"2022-10-20T10:46:46","guid":{"rendered":"https:\/\/sites.uab.pt\/congresso-humanidades\/?page_id=152"},"modified":"2025-06-04T08:18:37","modified_gmt":"2025-06-04T07:18:37","slug":"upcoming","status":"publish","type":"page","link":"https:\/\/congresso.humanidades.uab.pt\/en\/upcoming\/","title":{"rendered":"Upcoming"},"content":{"rendered":"\n<div class=\"wp-block-buttons is-content-justification-left is-layout-flex wp-container-core-buttons-is-layout-fdcfc74e wp-block-buttons-is-layout-flex\"><\/div>\n\n\n\n<div id=\"gba_3e82e3-82\" class=\"wp-block-c3-framew-gutenbergblocks-accordionblock gba gba-view gba_3e82e3-82 c3-framew-gutenbergblocks-accordionblock\">\n<div id=\"gba-pane_f3d7cd-d9\" class=\"wp-block-c3-framew-gutenbergblocks-accordionblock-pane gba-pane gba-pane-save gba-pane_f3d7cd-d9 c3-framew-gutenbergblocks-accordionblock-pane\"><div class=\"card\"><div class=\"card-header\" id=\"gba-pane-heading_f3d7cd-d9\"><div class=\"mb-0\"><button class=\"btn btn-link gba-collapsed\" type=\"button\" aria-controls=\"gba-pane-collapse_f3d7cd-d9\" aria-expanded=\"false\"><span class=\"gba-pane-title\">Location<\/span><\/button><\/div><\/div><div id=\"gba-pane-collapse_f3d7cd-d9\" class=\"panel-content hide\" aria-labelledby=\"gba-pane-heading_f3d7cd-d9\" data-parent=\"#gba_3e82e3-82\"><div class=\"card-body\">\n<p id=\"gba_f6ff76-01\">The Congress will take place at Pal\u00e1cio Ceia in Lisbon, the headquarters of Universidade Aberta. <\/p>\n\n\n\n<p id=\"gba_f6ff76-01\"><a href=\"https:\/\/goo.gl\/maps\/G8Pj4RbYjLNs6PsK8?coh=178572&amp;entry=tt\">Location of Pal\u00e1cio Ceia &#8211; Clique aqui<\/a><\/p>\n\n\n\n<figure class=\"wp-block-image size-full\"><img loading=\"lazy\" decoding=\"async\" width=\"642\" height=\"480\" src=\"https:\/\/congresso.humanidades.uab.pt\/en\/wp-content\/uploads\/sites\/24\/2023\/05\/UAb-Palacio-Ceia.jpg\" alt=\"\" class=\"wp-image-1700\" srcset=\"https:\/\/congresso.humanidades.uab.pt\/en\/wp-content\/uploads\/sites\/24\/2023\/05\/UAb-Palacio-Ceia.jpg 642w, https:\/\/congresso.humanidades.uab.pt\/en\/wp-content\/uploads\/sites\/24\/2023\/05\/UAb-Palacio-Ceia-300x224.jpg 300w\" sizes=\"auto, (max-width: 642px) 100vw, 642px\" \/><\/figure>\n<\/div><\/div><\/div><\/div>\n<\/div>\n\n\n\n<div style=\"height:29px\" aria-hidden=\"true\" class=\"wp-block-spacer\"><\/div>\n\n\n\n<div id=\"gba_efe110-33\" class=\"wp-block-c3-framew-gutenbergblocks-accordionblock gba gba-view gba_efe110-33 c3-framew-gutenbergblocks-accordionblock\">\n<div id=\"gba-pane_5bccfd-a3\" class=\"wp-block-c3-framew-gutenbergblocks-accordionblock-pane gba-pane gba-pane-save gba-pane_5bccfd-a3 c3-framew-gutenbergblocks-accordionblock-pane\"><div class=\"card\"><div class=\"card-header\" id=\"gba-pane-heading_5bccfd-a3\"><div class=\"mb-0\"><button class=\"btn btn-link gba-collapsed\" type=\"button\" aria-controls=\"gba-pane-collapse_5bccfd-a3\" aria-expanded=\"false\"><span class=\"gba-pane-title\">Hotels<\/span><\/button><\/div><\/div><div id=\"gba-pane-collapse_5bccfd-a3\" class=\"panel-content hide\" aria-labelledby=\"gba-pane-heading_5bccfd-a3\" data-parent=\"#gba_efe110-33\"><div class=\"card-body\">\n<h1 class=\"wp-block-heading\">Suggested Hotels<\/h1>\n\n\n\n<p>NOTE: The prices shown are referential only and can be changed by hotels without prior notice.<\/p>\n\n\n\n<h2 class=\"wp-block-heading\"><a href=\"http:\/\/www.amazoniahoteis.com\/\">AMAZ\u00d3NIA HOTEIS<\/a><\/h2>\n\n\n\n<p>Travessa F\u00e1brica dos Pentes, n\u00ba 12-20<\/p>\n\n\n\n<p>Tlf (+) 351 211147822<\/p>\n\n\n\n<p>Mail&nbsp;<a href=\"mailto:reserva@amazoniahoteis.com\">reserva@amazoniahoteis.com<\/a><\/p>\n\n\n\n<p>90 \u20ac<\/p>\n\n\n\n<p>Contact: Patr\u00edcia Penedo<\/p>\n\n\n\n<h2 class=\"wp-block-heading\"><a href=\"http:\/\/www.casadesaomamede.pt\/\">CASA DE S\u00c3O MAMEDE HOTEL<\/a><\/h2>\n\n\n\n<p>Rua da Escola Polit\u00e9cnica, n.\u00ba 159<\/p>\n\n\n\n<p>Tlf (+) 351 213963166<\/p>\n\n\n\n<p>Mail&nbsp;<a href=\"mailto:reservas.casasaomamedehotel@gmail.com\">reservas.casasaomamedehotel@gmail.com<\/a><\/p>\n\n\n\n<p>82 \u20ac<\/p>\n\n\n\n<p>Contact: Susana Sereno<\/p>\n\n\n\n<h2 class=\"wp-block-heading\"><a href=\"https:\/\/www.hotelbotanico.pt\/index_en.html\">HOTEL BOT\u00c2NICO<\/a><\/h2>\n\n\n\n<p>Rua M\u00e3e d&#8217;\u00c1gua, n.\u00ba 16-20<\/p>\n\n\n\n<p>Tlf (+) 351 213420392<\/p>\n\n\n\n<p>Mail&nbsp;<a href=\"mailto:info@hotelbotanico.pt\">info@hotelbotanico.pt&nbsp;&nbsp;<\/a><\/p>\n\n\n\n<p>122 \u20ac<\/p>\n\n\n\n<p>Contact: Ricardo Louren\u00e7o<\/p>\n\n\n\n<h2 class=\"wp-block-heading\"><a href=\"https:\/\/www.accorhotels.com\/pt\/hotel-2117-ibis-lisboa-centro-saldanha\/index.shtml\">HOTEL IBIS LISBOA SALDANHA<\/a><\/h2>\n\n\n\n<p>Avenida Casal Ribeiro, n.\u00ba 23&nbsp;<\/p>\n\n\n\n<p>Tlf (+) 351 213191690<\/p>\n\n\n\n<p>Mail&nbsp;<a href=\"mailto:h2117@accor.com\">h2117@accor.com<\/a><\/p>\n\n\n\n<p>120 \u20ac<\/p>\n\n\n\n<p>Contact: Pedro Silva<\/p>\n\n\n\n<h2 class=\"wp-block-heading\">LISBON S\u00c3O BENTO HOTEL&nbsp;<\/h2>\n\n\n\n<p>Rua de S\u00e3o Bento, n\u00ba347-353 1269-084 Lisboa&nbsp;<\/p>\n\n\n\n<p>Tlf (+) 351 213 823 309<\/p>\n\n\n\n<p>Mail&nbsp;<a href=\"mailto:reservas@lisbonsaobentohotel.pt\">reservas@lisbonsaobentohotel.pt<\/a><\/p>\n\n\n\n<p>85 \u20ac<\/p>\n\n\n\n<p>Contact: Ruby Salgado<\/p>\n\n\n\n<h2 class=\"wp-block-heading\">VIP EXECUTUVE SALDANHA&nbsp;<\/h2>\n\n\n\n<p>R. Fern\u00e3o Lopes 25, 1000-132 Lisboa<\/p>\n\n\n\n<p>Tlf (+) 351&nbsp;<a href=\"https:\/\/www.google.com\/search?client=firefox-b-d&amp;q=vip+executive+saldanha\">213 308 620<\/a><\/p>\n\n\n\n<p>Mail:&nbsp;hotelsaldanha@viphotels.com<\/p>\n\n\n\n<p>102,70\u20ac<\/p>\n\n\n\n<p>Contact: Miguel Gomes<\/p>\n<\/div><\/div><\/div><\/div>\n<\/div>\n\n\n\n<div style=\"height:41px\" aria-hidden=\"true\" class=\"wp-block-spacer\"><\/div>\n\n\n\n<div id=\"gba_4bc77f-72\" class=\"wp-block-c3-framew-gutenbergblocks-accordionblock gba gba-view gba_4bc77f-72 c3-framew-gutenbergblocks-accordionblock\">\n<div id=\"gba-pane_051554-81\" class=\"wp-block-c3-framew-gutenbergblocks-accordionblock-pane gba-pane gba-pane-save gba-pane_051554-81 c3-framew-gutenbergblocks-accordionblock-pane\"><div class=\"card\"><div class=\"card-header\" id=\"gba-pane-heading_051554-81\"><div class=\"mb-0\"><button class=\"btn btn-link gba-collapsed\" type=\"button\" aria-controls=\"gba-pane-collapse_051554-81\" aria-expanded=\"false\"><span class=\"gba-pane-title\">Airport<\/span><\/button><\/div><\/div><div id=\"gba-pane-collapse_051554-81\" class=\"panel-content hide\" aria-labelledby=\"gba-pane-heading_051554-81\" data-parent=\"#gba_4bc77f-72\"><div class=\"card-body\">\n<p>Lisbon has an <a href=\"https:\/\/www.google.com\/search?client=safari&amp;rls=en&amp;q=Lisbon+airport&amp;ie=UTF-8&amp;oe=UTF-8\" data-type=\"URL\" data-id=\"https:\/\/www.google.com\/search?client=safari&amp;rls=en&amp;q=Lisbon+airport&amp;ie=UTF-8&amp;oe=UTF-8\">International Airport<\/a>, and among the many airlines that fly to the Portuguese capital are TAP, Iberia, Ryanair and EasyJet.<\/p>\n\n\n\n<p>Lisbon airport is 20 minutes by metro from the city center. From the airport to the city center you can choose the Lisbon Metro (1,50\u20ac), Taxi (5-8\u20ac), TGV (Uber and Bolt) or Buses (2\u20ac).<\/p>\n<\/div><\/div><\/div><\/div>\n<\/div>\n\n\n\n<div style=\"height:41px\" aria-hidden=\"true\" class=\"wp-block-spacer\"><\/div>\n\n\n\n<div id=\"gba_788395-87\" class=\"wp-block-c3-framew-gutenbergblocks-accordionblock gba gba-view gba_788395-87 c3-framew-gutenbergblocks-accordionblock\">\n<div id=\"gba-pane_9a91c6-34\" class=\"wp-block-c3-framew-gutenbergblocks-accordionblock-pane gba-pane gba-pane-save gba-pane_9a91c6-34 c3-framew-gutenbergblocks-accordionblock-pane\"><div class=\"card\"><div class=\"card-header\" id=\"gba-pane-heading_9a91c6-34\"><div class=\"mb-0\"><button class=\"btn btn-link gba-collapsed\" type=\"button\" aria-controls=\"gba-pane-collapse_9a91c6-34\" aria-expanded=\"false\"><span class=\"gba-pane-title\">Restaurants<\/span><\/button><\/div><\/div><div id=\"gba-pane-collapse_9a91c6-34\" class=\"panel-content hide\" aria-labelledby=\"gba-pane-heading_9a91c6-34\" data-parent=\"#gba_788395-87\"><div class=\"card-body\">\n<h2 class=\"wp-block-heading\" id=\"gba_2b02f4-91\"><strong>Restaurants and Caf\u00e9s (near the university)<\/strong><\/h2>\n\n\n\n<p id=\"gba_2b02f4-91\"><strong>Numa Caf\u00e9<\/strong> &#8211; Rua da Escola Polit\u00e9cnica 94<br><strong>Atalho Real <\/strong>&#8211; Cal\u00e7ada da Patriarcal 40<br><strong>Ch\u00e3o de Pedra<\/strong> &#8211; Rua S\u00e3o Filipe Neri 20<br><strong>Confeitaria Cister 1838<\/strong> &#8211; Rua da Escola Polit\u00e9cnica 107<br><strong>Esplanada Pr\u00edncipe Real<\/strong> &#8211; Pra\u00e7a do Pr\u00edncipe Real<br><strong>Franguinho do Pr\u00edncipe<\/strong> &#8211; Rua da Imprensa Nacional 116B<br><strong>Kebab Hut<\/strong> &#8211; Rua da Escola Polit\u00e9cnica 79<br><strong>Hamburgueria do Bairro <\/strong>&#8211; Pr\u00edncipe Real &#8211; Travessa do Abarracamento de Peniche 22<br><strong>Healthy V. <\/strong>(Vegetarian &amp; Vegan) &#8211; Rua da Escola Polit\u00e9cnica, 87 \u2013 Pr\u00edncipe Real<br><strong>Honest Greens Pr\u00edncipe Real<\/strong> &#8211; Cal\u00e7ada da Patriarcal 30<br><strong>La Fiorentina<\/strong> &#8211; Rua de S\u00e3o Pedro de Alc\u00e2ntara 65<br><strong>Lebanese Corner<\/strong> &#8211; Largo do Rato 3A<br><strong>Lost In &#8211;<\/strong> Restaurante &amp; Bar &#8211; Rua Dom Pedro V 56 D<br><strong>Pastelaria Real Pr\u00edncipe<\/strong> &#8211; Rua da Escola Polit\u00e9cnica 51<br><strong>Pizzaria ZeroZero <\/strong>&#8211; Rua da Escola Polit\u00e9cnica 32<br><strong>Pizza a Pezzi <\/strong>(take out) &#8211; R. Dom Pedro V 84<br><strong>Real F\u00e1brica<\/strong> &#8211; Rua da Escola Polit\u00e9cnica 275<br><strong>Rodas<\/strong> &#8211; Largo do Rato 10A<br><strong>Sabores do Rato<\/strong> &#8211; Rua do Sol ao Rato 3<br><strong>Sandwich Club <\/strong>&#8211; Rua do Monte Olivete 71<br><strong>Tascardoso<\/strong> &#8211; Rua de O S\u00e9culo 242<\/p>\n\n\n\n<h2 class=\"wp-block-heading\" id=\"gba_2b02f4-91\">Supermarkets (for takeout)<\/h2>\n\n\n\n<p id=\"gba_2b02f4-91\"><strong>Aldi &#8211;<\/strong> Rua Nova de S\u00e3o Mamede 5<br><strong>Minipre\u00e7o &#8211; <\/strong>Rua Alexandre Herculano 43<br><strong>Pingo Doce Largo do Rato &#8211;<\/strong> Cal\u00e7ada Bento da Rocha Cabral 16<\/p>\n<\/div><\/div><\/div><\/div>\n<\/div>\n\n\n\n<div class=\"wp-block-buttons is-layout-flex wp-block-buttons-is-layout-flex\" id=\"gba_788395-87\"><\/div>\n\n\n\n<div style=\"height:30px\" aria-hidden=\"true\" class=\"wp-block-spacer\"><\/div>\n","protected":false},"excerpt":{"rendered":"","protected":false},"author":1,"featured_media":0,"parent":0,"menu_order":60,"comment_status":"closed","ping_status":"closed","template":"","meta":{"speak2many_translation":"{\"pt-PT\":{\"postID\":152,\"postTitle\":\"Upcoming\",\"siteID\":15,\"customURL\":false,\"languageInfo\":{\"speak2many_site_api_url\":\"https:\/\/congresso.humanidades.uab.pt\/wp-json\/\",\"name\":\"Portugu\u00eas\",\"locale\":\"pt_PT_ao90\"},\"langKey\":\"pt-PT\",\"id\":152,\"url\":\"https:\/\/congresso.humanidades.uab.pt\/upcoming\/\",\"title\":\"Upcoming\",\"type\":\"page\"},\"en-GB\":{\"url\":\"\",\"postID\":null,\"postTitle\":\"\",\"siteID\":24,\"customURL\":true,\"languageInfo\":{\"name\":\"English\",\"locale\":\"en_GB\"},\"langKey\":\"en-GB\"}}","footnotes":""},"class_list":["post-152","page","type-page","status-publish","hentry"],"_links":{"self":[{"href":"https:\/\/congresso.humanidades.uab.pt\/en\/wp-json\/wp\/v2\/pages\/152","targetHints":{"allow":["GET"]}}],"collection":[{"href":"https:\/\/congresso.humanidades.uab.pt\/en\/wp-json\/wp\/v2\/pages"}],"about":[{"href":"https:\/\/congresso.humanidades.uab.pt\/en\/wp-json\/wp\/v2\/types\/page"}],"author":[{"embeddable":true,"href":"https:\/\/congresso.humanidades.uab.pt\/en\/wp-json\/wp\/v2\/users\/1"}],"replies":[{"embeddable":true,"href":"https:\/\/congresso.humanidades.uab.pt\/en\/wp-json\/wp\/v2\/comments?post=152"}],"version-history":[{"count":10,"href":"https:\/\/congresso.humanidades.uab.pt\/en\/wp-json\/wp\/v2\/pages\/152\/revisions"}],"predecessor-version":[{"id":1904,"href":"https:\/\/congresso.humanidades.uab.pt\/en\/wp-json\/wp\/v2\/pages\/152\/revisions\/1904"}],"wp:attachment":[{"href":"https:\/\/congresso.humanidades.uab.pt\/en\/wp-json\/wp\/v2\/media?parent=152"}],"curies":[{"name":"wp","href":"https:\/\/api.w.org\/{rel}","templated":true}]}}